{"id":73,"date":"2025-12-23T12:02:40","date_gmt":"2025-12-23T12:02:40","guid":{"rendered":"https:\/\/construccioneslopezcarmona.com\/?page_id=73"},"modified":"2026-02-06T13:22:09","modified_gmt":"2026-02-06T13:22:09","slug":"empresa-de-construccion-y-reformas","status":"publish","type":"page","link":"https:\/\/construccioneslopezcarmona.com\/en\/empresa-de-construccion-y-reformas\/","title":{"rendered":"Quienes somos"},"content":{"rendered":"[et_pb_section fb_built=\u00bb1&#8243; disabled_on=\u00bbon|on|off\u00bb admin_label=\u00bbLINES\u00bb _builder_version=\u00bb4.23.1&#8243; _module_preset=\u00bbdefault\u00bb positioning=\u00bbfixed\u00bb width=\u00bb100%\u00bb max_width=\u00bb100%\u00bb custom_margin=\u00bb0px||0px||false|false\u00bb custom_padding=\u00bb0px||0px||false|false\u00bb animation_style=\u00bbfade\u00bb animation_speed_curve=\u00bbease\u00bb global_colors_info=\u00bb{}\u00bb][et_pb_row column_structure=\u00bb1_3,1_3,1_3&#8243; use_custom_gutter=\u00bbon\u00bb gutter_width=\u00bb1&#8243; make_equal=\u00bbon\u00bb _builder_version=\u00bb4.23.1&#8243; _module_preset=\u00bbdefault\u00bb width=\u00bb71%\u00bb max_width=\u00bb71%\u00bb min_height=\u00bb100vh\u00bb custom_margin=\u00bb0px||0px||false|false\u00bb custom_padding=\u00bb0px||0px||false|false\u00bb global_colors_info=\u00bb{}\u00bb][et_pb_column type=\u00bb1_3&#8243; _builder_version=\u00bb4.23.1&#8243; _module_preset=\u00bbdefault\u00bb border_width_right=\u00bb1px\u00bb border_color_right=\u00bbrgba(204,204,204,0.28)\u00bb border_width_left=\u00bb1px\u00bb border_color_left=\u00bbrgba(204,204,204,0.28)\u00bb global_colors_info=\u00bb{}\u00bb][\/et_pb_column][et_pb_column type=\u00bb1_3&#8243; _builder_version=\u00bb4.23.1&#8243; _module_preset=\u00bbdefault\u00bb border_color_right=\u00bbrgba(204,204,204,0.28)\u00bb border_color_left=\u00bbrgba(204,204,204,0.28)\u00bb global_colors_info=\u00bb{}\u00bb][\/et_pb_column][et_pb_column type=\u00bb1_3&#8243; _builder_version=\u00bb4.23.1&#8243; _module_preset=\u00bbdefault\u00bb border_width_right=\u00bb1px\u00bb border_color_right=\u00bbrgba(204,204,204,0.28)\u00bb border_width_left=\u00bb1px\u00bb border_color_left=\u00bbrgba(204,204,204,0.28)\u00bb global_colors_info=\u00bb{}\u00bb][\/et_pb_column][\/et_pb_row][\/et_pb_section][et_pb_section fb_built=\u00bb1&#8243; custom_padding_last_edited=\u00bbon|phone\u00bb _builder_version=\u00bb4.27.5&#8243; _module_preset=\u00bbdefault\u00bb background_enable_color=\u00bboff\u00bb custom_margin=\u00bb0px||0px||false|false\u00bb custom_padding=\u00bb40px||40px||true|false\u00bb custom_padding_tablet=\u00bb90px||||false|false\u00bb custom_padding_phone=\u00bb30px||30px||true|false\u00bb animation_style=\u00bbfade\u00bb animation_speed_curve=\u00bbease\u00bb hover_enabled=\u00bb0&#8243; global_colors_info=\u00bb{}\u00bb sticky_enabled=\u00bb0&#8243;][et_pb_row column_structure=\u00bb3_5,2_5&#8243; use_custom_gutter=\u00bbon\u00bb gutter_width=\u00bb1&#8243; _builder_version=\u00bb4.27.5&#8243; _module_preset=\u00bbdefault\u00bb width=\u00bb90%\u00bb custom_margin=\u00bb0px|auto|0px|auto|false|false\u00bb custom_padding=\u00bb0px||0px||false|false\u00bb hover_enabled=\u00bb0&#8243; global_colors_info=\u00bb{}\u00bb sticky_enabled=\u00bb0&#8243;][et_pb_column type=\u00bb3_5&#8243; _builder_version=\u00bb4.27.5&#8243; _module_preset=\u00bbdefault\u00bb hover_enabled=\u00bb0&#8243; global_colors_info=\u00bb{}\u00bb sticky_enabled=\u00bb0&#8243;][et_pb_text disabled_on=\u00bboff|on|off\u00bb _builder_version=\u00bb4.27.5&#8243; _module_preset=\u00bbdefault\u00bb header_font=\u00bbSora||||||||\u00bb header_text_align=\u00bbleft\u00bb header_text_color=\u00bb#3888BD\u00bb header_font_size=\u00bb70px\u00bb header_letter_spacing=\u00bb-3px\u00bb custom_margin=\u00bb0px||0px||false|false\u00bb custom_padding=\u00bb0px||0px||false|false\u00bb animation_style=\u00bbslide\u00bb animation_direction=\u00bbright\u00bb animation_delay=\u00bb500ms\u00bb animation_intensity_slide=\u00bb4%\u00bb animation_speed_curve=\u00bbease\u00bb hover_enabled=\u00bb0&#8243; global_colors_info=\u00bb{}\u00bb sticky_enabled=\u00bb0&#8243; header_font_size_last_edited=\u00bbon|phone\u00bb header_font_size_phone=\u00bb50px\u00bb header_font_size_tablet=\u00bb70px\u00bb]<h1>Qui\u00e9nes somos<\/h1>[\/et_pb_text][\/et_pb_column][et_pb_column type=\u00bb2_5&#8243; _builder_version=\u00bb4.23.1&#8243; _module_preset=\u00bbdefault\u00bb global_colors_info=\u00bb{}\u00bb][\/et_pb_column][\/et_pb_row][\/et_pb_section][et_pb_section fb_built=\u00bb1&#8243; custom_padding_last_edited=\u00bbon|phone\u00bb prev_background_color=\u00bb#ffffff\u00bb next_background_color=\u00bb#ffffff\u00bb _builder_version=\u00bb4.27.5&#8243; _module_preset=\u00bbdefault\u00bb background_image=\u00bbhttps:\/\/construccioneslopezcarmona.com\/wp-content\/uploads\/2025\/12\/un-amplio-interior-muestra-una-casa-moderna-en-renovacion-con-una-escalera-central-y-materiales-de-construccion-iluminados-por-la-brillante-luz-del-dia-scaled.jpg\u00bb parallax=\u00bbon\u00bb custom_margin=\u00bb0px||0px||false|false\u00bb custom_padding=\u00bb120px||120px||true|false\u00bb custom_padding_tablet=\u00bb40px||0px||false|false\u00bb custom_padding_phone=\u00bb50px||50px||true|false\u00bb top_divider_style=\u00bbslant2&#8243; top_divider_height=\u00bb50px\u00bb top_divider_flip=\u00bbhorizontal\u00bb bottom_divider_style=\u00bbslant2&#8243; bottom_divider_height=\u00bb50px\u00bb bottom_divider_flip=\u00bbhorizontal\u00bb animation_style=\u00bbfade\u00bb animation_speed_curve=\u00bbease\u00bb hover_enabled=\u00bb0&#8243; global_colors_info=\u00bb{}\u00bb sticky_enabled=\u00bb0&#8243;][\/et_pb_section][et_pb_section fb_built=\u00bb1&#8243; _builder_version=\u00bb4.27.5&#8243; _module_preset=\u00bbdefault\u00bb global_colors_info=\u00bb{}\u00bb][et_pb_row column_structure=\u00bb3_5,2_5&#8243; _builder_version=\u00bb4.27.5&#8243; _module_preset=\u00bbdefault\u00bb width=\u00bb90%\u00bb global_colors_info=\u00bb{}\u00bb][et_pb_column type=\u00bb3_5&#8243; _builder_version=\u00bb4.27.5&#8243; _module_preset=\u00bbdefault\u00bb global_colors_info=\u00bb{}\u00bb][et_pb_text _builder_version=\u00bb4.27.5&#8243; _module_preset=\u00bbdefault\u00bb header_2_text_align=\u00bbleft\u00bb header_2_text_color=\u00bb#3888BD\u00bb header_2_font_size=\u00bb48px\u00bb header_2_line_height=\u00bb1.2em\u00bb custom_margin=\u00bb0px||16px||false|false\u00bb custom_padding=\u00bb0px||0px||false|false\u00bb header_2_font_size_tablet=\u00bb48px\u00bb header_2_font_size_phone=\u00bb28px\u00bb header_2_font_size_last_edited=\u00bbon|phone\u00bb global_colors_info=\u00bb{}\u00bb]<h2><b>Empresa de construcci\u00f3n y reformas en El Ejido (Almer\u00eda)<\/b><\/h2>[\/et_pb_text][et_pb_text _builder_version=\u00bb4.27.5&#8243; _module_preset=\u00bbdefault\u00bb text_font=\u00bbManrope||||||||\u00bb text_text_color=\u00bb#073950&#8243; text_font_size=\u00bb15px\u00bb text_line_height=\u00bb1.8em\u00bb max_width_tablet=\u00bb100%\u00bb max_width_phone=\u00bb100%\u00bb max_width_last_edited=\u00bboff|desktop\u00bb custom_margin=\u00bb0px||19px||false|false\u00bb custom_padding=\u00bb0px||0px||false|false\u00bb hover_enabled=\u00bb0&#8243; global_colors_info=\u00bb{}\u00bb text_orientation=\u00bbjustified\u00bb sticky_enabled=\u00bb0&#8243;]<p><span style=\"font-weight: 400;\">En <\/span><b>Construcciones y Proyectos L\u00f3pez Carmona, S.L.U.<\/b><span style=\"font-weight: 400;\"> somos una empresa especializada en <\/span><b>construcci\u00f3n y reformas integrales en El Ejido y la provincia de Almer\u00eda<\/b><span style=\"font-weight: 400;\">. Contamos con experiencia en <\/span><b>obra nueva<\/b><span style=\"font-weight: 400;\">, rehabilitaci\u00f3n y reformas de viviendas, ofreciendo soluciones adaptadas a las necesidades de cada cliente.<\/span><\/p>\n<p><span style=\"font-weight: 400;\">Nuestra forma de trabajar se basa en la <\/span><b>planificaci\u00f3n<\/b><span style=\"font-weight: 400;\">, la <\/span><b>comunicaci\u00f3n constante<\/b><span style=\"font-weight: 400;\"> y el <\/span><b>cumplimiento de los plazos acordados<\/b><span style=\"font-weight: 400;\">, garantizando resultados de calidad y acabados profesionales en cada proyecto.<\/span><\/p>\n<p><span style=\"font-weight: 400;\">Trabajamos tanto para <\/span><b>particulares como para promotoras<\/b><span style=\"font-weight: 400;\">, desarrollando viviendas unifamiliares, locales comerciales y proyectos personalizados, siempre con un enfoque cercano y transparente.<\/span><\/p>\n<p><span style=\"font-weight: 400;\">Si buscas una empresa de <\/span><b>construcci\u00f3n o reformas en El Ejido<\/b><span style=\"font-weight: 400;\">, en <\/span><b>L\u00f3pez Carmona<\/b><span style=\"font-weight: 400;\"> te acompa\u00f1amos desde la idea inicial hasta la finalizaci\u00f3n del proyecto, ofreciendo asesoramiento t\u00e9cnico y un trato personalizado.<\/span><\/p>[\/et_pb_text][et_pb_text _builder_version=\u00bb4.27.5&#8243; _module_preset=\u00bbdefault\u00bb header_2_text_color=\u00bb#073950&#8243; header_2_font_size=\u00bb25px\u00bb custom_margin=\u00bb23px||15px|||\u00bb global_colors_info=\u00bb{}\u00bb]<h2><b>Nuestros valores<\/b><\/h2>[\/et_pb_text][dsm_icon_list text_indent=\u00bb10px\u00bb _builder_version=\u00bb4.27.5&#8243; _module_preset=\u00bbdefault\u00bb text_font=\u00bb&#8211;et_global_heading_font||||||||\u00bb text_text_color=\u00bb#3888BD\u00bb text_font_size=\u00bb20px\u00bb hover_enabled=\u00bb0&#8243; global_colors_info=\u00bb{}\u00bb text_line_height_last_edited=\u00bbon|phone\u00bb text_line_height_phone=\u00bb1.2em\u00bb list_vertical_alignment=\u00bbflex-start\u00bb list_space_between=\u00bb10px\u00bb sticky_enabled=\u00bb0&#8243;][dsm_icon_list_child text=\u00bbCalidad en materiales y ejecuci\u00f3n\u00bb font_icon=\u00bb&#xf14a;||fa||400&#8243; icon_color=\u00bb#3888BD\u00bb icon_font_size=\u00bb25px\u00bb _builder_version=\u00bb4.27.5&#8243; _module_preset=\u00bbdefault\u00bb global_colors_info=\u00bb{}\u00bb icon_color__hover_enabled=\u00bbon|desktop\u00bb icon_color__hover=\u00bb#073950&#8243;][\/dsm_icon_list_child][dsm_icon_list_child text=\u00bbProfesionalidad en cada fase de la obra\u00bb font_icon=\u00bb&#xf14a;||fa||400&#8243; icon_color=\u00bb#3888BD\u00bb icon_font_size=\u00bb25px\u00bb _builder_version=\u00bb4.27.5&#8243; _module_preset=\u00bbdefault\u00bb global_colors_info=\u00bb{}\u00bb icon_color__hover_enabled=\u00bbon|desktop\u00bb icon_color__hover=\u00bb#073950&#8243;][\/dsm_icon_list_child][dsm_icon_list_child text=\u00bbCompromiso con el cliente y los plazos\u00bb font_icon=\u00bb&#xf14a;||fa||400&#8243; icon_color=\u00bb#3888BD\u00bb icon_font_size=\u00bb25px\u00bb _builder_version=\u00bb4.27.5&#8243; _module_preset=\u00bbdefault\u00bb global_colors_info=\u00bb{}\u00bb icon_color__hover_enabled=\u00bbon|desktop\u00bb icon_color__hover=\u00bb#073950&#8243;][\/dsm_icon_list_child][dsm_icon_list_child text=\u00bbTransparencia y comunicaci\u00f3n clara\u00bb font_icon=\u00bb&#xf14a;||fa||400&#8243; icon_color=\u00bb#3888BD\u00bb icon_font_size=\u00bb25px\u00bb _builder_version=\u00bb4.27.5&#8243; _module_preset=\u00bbdefault\u00bb global_colors_info=\u00bb{}\u00bb icon_color__hover_enabled=\u00bbon|desktop\u00bb icon_color__hover=\u00bb#073950&#8243;][\/dsm_icon_list_child][dsm_icon_list_child text=\u00bbPrecisi\u00f3n en los acabados\u00bb font_icon=\u00bb&#xf14a;||fa||400&#8243; icon_color=\u00bb#3888BD\u00bb icon_font_size=\u00bb25px\u00bb _builder_version=\u00bb4.27.5&#8243; _module_preset=\u00bbdefault\u00bb global_colors_info=\u00bb{}\u00bb icon_color__hover_enabled=\u00bbon|desktop\u00bb icon_color__hover=\u00bb#073950&#8243;][\/dsm_icon_list_child][\/dsm_icon_list][\/et_pb_column][et_pb_column type=\u00bb2_5&#8243; _builder_version=\u00bb4.27.5&#8243; _module_preset=\u00bbdefault\u00bb global_colors_info=\u00bb{}\u00bb][et_pb_image src=\u00bbhttps:\/\/construccioneslopezcarmona.com\/wp-content\/uploads\/2025\/12\/hombres-de-tiro-completo-trabajando-juntos-scaled.jpg\u00bb title_text=\u00bbhombres-de-tiro-completo-trabajando-juntos\u00bb _builder_version=\u00bb4.27.5&#8243; _module_preset=\u00bbdefault\u00bb global_colors_info=\u00bb{}\u00bb][\/et_pb_image][\/et_pb_column][\/et_pb_row][\/et_pb_section]","protected":false},"excerpt":{"rendered":"<p>Qui\u00e9nes somosEmpresa de construcci\u00f3n y reformas en El Ejido (Almer\u00eda)En Construcciones y Proyectos L\u00f3pez Carmona, S.L.U. somos una empresa especializada en construcci\u00f3n y reformas integrales en El Ejido y la provincia de Almer\u00eda. Contamos con experiencia en obra nueva, rehabilitaci\u00f3n y reformas de viviendas, ofreciendo soluciones adaptadas a las necesidades de cada cliente. Nuestra forma [&hellip;]<\/p>","protected":false},"author":2,"featured_media":0,"parent":0,"menu_order":0,"comment_status":"closed","ping_status":"closed","template":"","meta":{"_et_pb_use_builder":"on","_et_pb_old_content":"","_et_gb_content_width":"","footnotes":""},"class_list":["post-73","page","type-page","status-publish","hentry"],"yoast_head":"<!-- This site is optimized with the Yoast SEO plugin v26.9 - https:\/\/yoast.com\/product\/yoast-seo-wordpress\/ -->\n<title>Quienes somos - Construcciones L&oacute;pez Carmona<\/title>\n<meta name=\"description\" content=\"Somos una empresa especializada en construcci\u00f3n de obra nueva y reformas integrales en El Ejido y la provincia de Almer\u00eda.\" \/>\n<meta name=\"robots\" content=\"index, follow, max-snippet:-1, max-image-preview:large, max-video-preview:-1\" \/>\n<link rel=\"canonical\" href=\"https:\/\/construccioneslopezcarmona.com\/en\/empresa-de-construccion-y-reformas\/\" \/>\n<meta property=\"og:locale\" content=\"en_GB\" \/>\n<meta property=\"og:type\" content=\"article\" \/>\n<meta property=\"og:title\" content=\"Quienes somos - Construcciones L&oacute;pez Carmona\" \/>\n<meta property=\"og:description\" content=\"Somos una empresa especializada en construcci\u00f3n de obra nueva y reformas integrales en El Ejido y la provincia de Almer\u00eda.\" \/>\n<meta property=\"og:url\" content=\"https:\/\/construccioneslopezcarmona.com\/en\/empresa-de-construccion-y-reformas\/\" \/>\n<meta property=\"og:site_name\" content=\"Construcciones L&oacute;pez Carmona\" \/>\n<meta property=\"article:publisher\" content=\"https:\/\/www.facebook.com\/p\/Reformas-y-construcciones-Lpezcarmona-100070859906025\/\" \/>\n<meta property=\"article:modified_time\" content=\"2026-02-06T13:22:09+00:00\" \/>\n<meta name=\"twitter:card\" content=\"summary_large_image\" \/>\n<meta name=\"twitter:label1\" content=\"Estimated reading time\" \/>\n\t<meta name=\"twitter:data1\" content=\"1 minute\" \/>\n<script type=\"application\/ld+json\" class=\"yoast-schema-graph\">{\"@context\":\"https:\/\/schema.org\",\"@graph\":[{\"@type\":\"WebPage\",\"@id\":\"https:\/\/construccioneslopezcarmona.com\/empresa-de-construccion-y-reformas\/\",\"url\":\"https:\/\/construccioneslopezcarmona.com\/empresa-de-construccion-y-reformas\/\",\"name\":\"Quienes somos - Construcciones L&oacute;pez Carmona\",\"isPartOf\":{\"@id\":\"https:\/\/construccioneslopezcarmona.com\/#website\"},\"datePublished\":\"2025-12-23T12:02:40+00:00\",\"dateModified\":\"2026-02-06T13:22:09+00:00\",\"description\":\"Somos una empresa especializada en construcci\u00f3n de obra nueva y reformas integrales en El Ejido y la provincia de Almer\u00eda.\",\"breadcrumb\":{\"@id\":\"https:\/\/construccioneslopezcarmona.com\/empresa-de-construccion-y-reformas\/#breadcrumb\"},\"inLanguage\":\"en-GB\",\"potentialAction\":[{\"@type\":\"ReadAction\",\"target\":[\"https:\/\/construccioneslopezcarmona.com\/empresa-de-construccion-y-reformas\/\"]}]},{\"@type\":\"BreadcrumbList\",\"@id\":\"https:\/\/construccioneslopezcarmona.com\/empresa-de-construccion-y-reformas\/#breadcrumb\",\"itemListElement\":[{\"@type\":\"ListItem\",\"position\":1,\"name\":\"Portada\",\"item\":\"https:\/\/construccioneslopezcarmona.com\/\"},{\"@type\":\"ListItem\",\"position\":2,\"name\":\"Quienes somos\"}]},{\"@type\":\"WebSite\",\"@id\":\"https:\/\/construccioneslopezcarmona.com\/#website\",\"url\":\"https:\/\/construccioneslopezcarmona.com\/\",\"name\":\"Construcciones L\u00f3pez Carmona\",\"description\":\"Construcci&oacute;n y reformas en El Ejido\",\"publisher\":{\"@id\":\"https:\/\/construccioneslopezcarmona.com\/#organization\"},\"potentialAction\":[{\"@type\":\"SearchAction\",\"target\":{\"@type\":\"EntryPoint\",\"urlTemplate\":\"https:\/\/construccioneslopezcarmona.com\/?s={search_term_string}\"},\"query-input\":{\"@type\":\"PropertyValueSpecification\",\"valueRequired\":true,\"valueName\":\"search_term_string\"}}],\"inLanguage\":\"en-GB\"},{\"@type\":\"Organization\",\"@id\":\"https:\/\/construccioneslopezcarmona.com\/#organization\",\"name\":\"Construcciones L\u00f3pez Carmona\",\"url\":\"https:\/\/construccioneslopezcarmona.com\/\",\"logo\":{\"@type\":\"ImageObject\",\"inLanguage\":\"en-GB\",\"@id\":\"https:\/\/construccioneslopezcarmona.com\/#\/schema\/logo\/image\/\",\"url\":\"https:\/\/construccioneslopezcarmona.com\/wp-content\/uploads\/2025\/12\/Logo-Generico-Carmona-1.png\",\"contentUrl\":\"https:\/\/construccioneslopezcarmona.com\/wp-content\/uploads\/2025\/12\/Logo-Generico-Carmona-1.png\",\"width\":1920,\"height\":1039,\"caption\":\"Construcciones L\u00f3pez Carmona\"},\"image\":{\"@id\":\"https:\/\/construccioneslopezcarmona.com\/#\/schema\/logo\/image\/\"},\"sameAs\":[\"https:\/\/www.facebook.com\/p\/Reformas-y-construcciones-Lpezcarmona-100070859906025\/\"]}]}<\/script>\n<!-- \/ Yoast SEO plugin. -->","yoast_head_json":{"title":"Quienes somos - Construcciones L&oacute;pez Carmona","description":"Somos una empresa especializada en construcci\u00f3n de obra nueva y reformas integrales en El Ejido y la provincia de Almer\u00eda.","robots":{"index":"index","follow":"follow","max-snippet":"max-snippet:-1","max-image-preview":"max-image-preview:large","max-video-preview":"max-video-preview:-1"},"canonical":"https:\/\/construccioneslopezcarmona.com\/en\/empresa-de-construccion-y-reformas\/","og_locale":"en_GB","og_type":"article","og_title":"Quienes somos - Construcciones L&oacute;pez Carmona","og_description":"Somos una empresa especializada en construcci\u00f3n de obra nueva y reformas integrales en El Ejido y la provincia de Almer\u00eda.","og_url":"https:\/\/construccioneslopezcarmona.com\/en\/empresa-de-construccion-y-reformas\/","og_site_name":"Construcciones L&oacute;pez Carmona","article_publisher":"https:\/\/www.facebook.com\/p\/Reformas-y-construcciones-Lpezcarmona-100070859906025\/","article_modified_time":"2026-02-06T13:22:09+00:00","twitter_card":"summary_large_image","twitter_misc":{"Estimated reading time":"1 minute"},"schema":{"@context":"https:\/\/schema.org","@graph":[{"@type":"WebPage","@id":"https:\/\/construccioneslopezcarmona.com\/empresa-de-construccion-y-reformas\/","url":"https:\/\/construccioneslopezcarmona.com\/empresa-de-construccion-y-reformas\/","name":"Quienes somos - Construcciones L&oacute;pez Carmona","isPartOf":{"@id":"https:\/\/construccioneslopezcarmona.com\/#website"},"datePublished":"2025-12-23T12:02:40+00:00","dateModified":"2026-02-06T13:22:09+00:00","description":"Somos una empresa especializada en construcci\u00f3n de obra nueva y reformas integrales en El Ejido y la provincia de Almer\u00eda.","breadcrumb":{"@id":"https:\/\/construccioneslopezcarmona.com\/empresa-de-construccion-y-reformas\/#breadcrumb"},"inLanguage":"en-GB","potentialAction":[{"@type":"ReadAction","target":["https:\/\/construccioneslopezcarmona.com\/empresa-de-construccion-y-reformas\/"]}]},{"@type":"BreadcrumbList","@id":"https:\/\/construccioneslopezcarmona.com\/empresa-de-construccion-y-reformas\/#breadcrumb","itemListElement":[{"@type":"ListItem","position":1,"name":"Portada","item":"https:\/\/construccioneslopezcarmona.com\/"},{"@type":"ListItem","position":2,"name":"Quienes somos"}]},{"@type":"WebSite","@id":"https:\/\/construccioneslopezcarmona.com\/#website","url":"https:\/\/construccioneslopezcarmona.com\/","name":"Construcciones L\u00f3pez Carmona","description":"Construcci&oacute;n y reformas en El Ejido","publisher":{"@id":"https:\/\/construccioneslopezcarmona.com\/#organization"},"potentialAction":[{"@type":"SearchAction","target":{"@type":"EntryPoint","urlTemplate":"https:\/\/construccioneslopezcarmona.com\/?s={search_term_string}"},"query-input":{"@type":"PropertyValueSpecification","valueRequired":true,"valueName":"search_term_string"}}],"inLanguage":"en-GB"},{"@type":"Organization","@id":"https:\/\/construccioneslopezcarmona.com\/#organization","name":"Construcciones L\u00f3pez Carmona","url":"https:\/\/construccioneslopezcarmona.com\/","logo":{"@type":"ImageObject","inLanguage":"en-GB","@id":"https:\/\/construccioneslopezcarmona.com\/#\/schema\/logo\/image\/","url":"https:\/\/construccioneslopezcarmona.com\/wp-content\/uploads\/2025\/12\/Logo-Generico-Carmona-1.png","contentUrl":"https:\/\/construccioneslopezcarmona.com\/wp-content\/uploads\/2025\/12\/Logo-Generico-Carmona-1.png","width":1920,"height":1039,"caption":"Construcciones L\u00f3pez Carmona"},"image":{"@id":"https:\/\/construccioneslopezcarmona.com\/#\/schema\/logo\/image\/"},"sameAs":["https:\/\/www.facebook.com\/p\/Reformas-y-construcciones-Lpezcarmona-100070859906025\/"]}]}},"_links":{"self":[{"href":"https:\/\/construccioneslopezcarmona.com\/en\/wp-json\/wp\/v2\/pages\/73","targetHints":{"allow":["GET"]}}],"collection":[{"href":"https:\/\/construccioneslopezcarmona.com\/en\/wp-json\/wp\/v2\/pages"}],"about":[{"href":"https:\/\/construccioneslopezcarmona.com\/en\/wp-json\/wp\/v2\/types\/page"}],"author":[{"embeddable":true,"href":"https:\/\/construccioneslopezcarmona.com\/en\/wp-json\/wp\/v2\/users\/2"}],"replies":[{"embeddable":true,"href":"https:\/\/construccioneslopezcarmona.com\/en\/wp-json\/wp\/v2\/comments?post=73"}],"version-history":[{"count":8,"href":"https:\/\/construccioneslopezcarmona.com\/en\/wp-json\/wp\/v2\/pages\/73\/revisions"}],"predecessor-version":[{"id":157,"href":"https:\/\/construccioneslopezcarmona.com\/en\/wp-json\/wp\/v2\/pages\/73\/revisions\/157"}],"wp:attachment":[{"href":"https:\/\/construccioneslopezcarmona.com\/en\/wp-json\/wp\/v2\/media?parent=73"}],"curies":[{"name":"wp","href":"https:\/\/api.w.org\/{rel}","templated":true}]}}